{"id":4010,"date":"2026-03-26T07:52:09","date_gmt":"2026-03-26T07:52:09","guid":{"rendered":"https:\/\/gamesvalley.com\/pt-br\/?page_id=4010"},"modified":"2026-03-26T07:54:17","modified_gmt":"2026-03-26T07:54:17","slug":"bis-sigma-termos-promocionais","status":"publish","type":"page","link":"https:\/\/gamesvalley.com\/pt-br\/bis-sigma-termos-promocionais\/","title":{"rendered":"BiS SiGMA &#8211; Termos Promocionais"},"content":{"rendered":"<style>.elementor-4010 .elementor-element.elementor-element-7ac4025{--display:flex;--min-height:207px;--flex-direction:column;--container-widget-width:100%;--container-widget-height:initial;--container-widget-flex-grow:0;--container-widget-align-self:initial;--flex-wrap-mobile:wrap;--margin-top:-11em;--margin-bottom:0em;--margin-left:0em;--margin-right:0em;}.elementor-4010 .elementor-element.elementor-element-7ac4025:not(.elementor-motion-effects-element-type-background), .elementor-4010 .elementor-element.elementor-element-7ac4025 > .elementor-motion-effects-container > .elementor-motion-effects-layer{background-color:var( --e-global-color-52ce070 );}.elementor-4010 .elementor-element.elementor-element-888525d{--display:flex;--min-height:150px;--flex-direction:column;--container-widget-width:100%;--container-widget-height:initial;--container-widget-flex-grow:0;--container-widget-align-self:initial;--flex-wrap-mobile:wrap;--justify-content:center;}.elementor-4010 .elementor-element.elementor-element-888525d:not(.elementor-motion-effects-element-type-background), .elementor-4010 .elementor-element.elementor-element-888525d > .elementor-motion-effects-container > .elementor-motion-effects-layer{background-color:var( --e-global-color-52ce070 );}.elementor-4010 .elementor-element.elementor-element-7804315{--display:flex;}.elementor-4010 .elementor-element.elementor-element-d7c367c{text-align:start;width:100%;max-width:100%;}.elementor-4010 .elementor-element.elementor-element-d7c367c .elementor-heading-title{font-family:\"Poppins\", Sans-serif;font-size:53px;font-weight:800;line-height:60px;letter-spacing:-2.7px;color:#FFFFFF;}.elementor-4010 .elementor-element.elementor-element-d7c367c.elementor-element{--align-self:center;}.elementor-4010 .elementor-element.elementor-element-bab43ad{--display:flex;--flex-direction:column;--container-widget-width:100%;--container-widget-height:initial;--container-widget-flex-grow:0;--container-widget-align-self:initial;--flex-wrap-mobile:wrap;--padding-top:3em;--padding-bottom:0em;--padding-left:0em;--padding-right:0em;}.elementor-4010 .elementor-element.elementor-element-9f3d5e8{--display:flex;}:root{--page-title-display:none;}@media(max-width:1024px){.elementor-4010 .elementor-element.elementor-element-d7c367c .elementor-heading-title{font-size:44px;line-height:59px;}}@media(min-width:768px){.elementor-4010 .elementor-element.elementor-element-7ac4025{--width:100%;}.elementor-4010 .elementor-element.elementor-element-888525d{--width:100%;}.elementor-4010 .elementor-element.elementor-element-7804315{--content-width:1200px;}.elementor-4010 .elementor-element.elementor-element-bab43ad{--width:100%;}.elementor-4010 .elementor-element.elementor-element-9f3d5e8{--content-width:1200px;}}@media(max-width:767px){.elementor-4010 .elementor-element.elementor-element-d7c367c{text-align:center;}.elementor-4010 .elementor-element.elementor-element-d7c367c .elementor-heading-title{font-size:40px;line-height:55px;}.elementor-4010 .elementor-element.elementor-element-d7c367c.elementor-element{--align-self:flex-start;}}<\/style>\t\t<div data-elementor-type=\"wp-page\" data-elementor-id=\"4010\" class=\"elementor elementor-4010\" data-elementor-post-type=\"page\">\n\t\t\t\t<div class=\"elementor-element elementor-element-7ac4025 e-con-full e-flex e-con e-parent\" data-id=\"7ac4025\" data-element_type=\"container\" data-e-type=\"container\" data-settings=\"{&quot;background_background&quot;:&quot;classic&quot;}\">\n\t\t\t\t<\/div>\n\t\t<div class=\"elementor-element elementor-element-888525d e-con-full e-flex e-con e-parent\" data-id=\"888525d\" data-element_type=\"container\" data-e-type=\"container\" data-settings=\"{&quot;background_background&quot;:&quot;classic&quot;}\">\n\t\t<div class=\"elementor-element elementor-element-7804315 e-flex e-con-boxed e-con e-child\" data-id=\"7804315\" data-element_type=\"container\" data-e-type=\"container\">\n\t\t\t\t\t<div class=\"e-con-inner\">\n\t\t\t\t<div class=\"elementor-element elementor-element-d7c367c elementor-widget__width-inherit elementor-widget elementor-widget-heading\" data-id=\"d7c367c\" data-element_type=\"widget\" data-e-type=\"widget\" data-settings=\"{&quot;_animation_mobile&quot;:&quot;none&quot;}\" data-widget_type=\"heading.default\">\n\t\t\t\t\t<h1 class=\"elementor-heading-title elementor-size-default\">Termos Promocionais<\/h1>\t\t\t\t<\/div>\n\t\t\t\t\t<\/div>\n\t\t\t\t<\/div>\n\t\t\t\t<\/div>\n\t\t<div class=\"elementor-element elementor-element-bab43ad e-con-full e-flex e-con e-parent\" data-id=\"bab43ad\" data-element_type=\"container\" data-e-type=\"container\">\n\t\t<div class=\"elementor-element elementor-element-9f3d5e8 e-flex e-con-boxed e-con e-child\" data-id=\"9f3d5e8\" data-element_type=\"container\" data-e-type=\"container\">\n\t\t\t\t\t<div class=\"e-con-inner\">\n\t\t\t\t<div class=\"elementor-element elementor-element-4879f2b elementor-widget elementor-widget-text-editor\" data-id=\"4879f2b\" data-element_type=\"widget\" data-e-type=\"widget\" data-widget_type=\"text-editor.default\">\n\t\t\t\t\t\t\t\t\t<h1>Termos e Condi\u00e7\u00f5es<\/h1><p>Promo\u00e7\u00e3o da Confer\u00eancia \u2013 Desconto de 20% nos dois \u00faltimos meses<\/p><p><strong>1. Defini\u00e7\u00f5es<\/strong><\/p><p>Empresa &#8211; Refere-se ao prestador de servi\u00e7os que oferece agrega\u00e7\u00e3o ou servi\u00e7os de plataforma.<\/p><p>Operator &#8211; Refere-se ao titular de licen\u00e7a B2C que celebra um contrato comercial.<\/p><p>Existing Operator &#8211; Refere-se a um cliente com contrato comercial ativo antes da data de in\u00edcio da promo\u00e7\u00e3o.<\/p><p>GGR &#8211; Significa Receita Bruta de Jogos (Gross Gaming Revenue), conforme definido no Master Services Agreement (MSA) assinado.<\/p><p>Garantia M\u00ednima Mensal &#8211; Refere-se ao valor fixo m\u00ednimo comercial a ser pago mensalmente.<\/p><p>Novos Provedores de Jogos &#8211; Refere-se a fornecedores que n\u00e3o estavam ativos com o Operador por meio da Empresa no momento da ades\u00e3o \u00e0 promo\u00e7\u00e3o.<\/p><p>Promo\u00e7\u00e3o\u00a0 &#8211; Refere-se ao mecanismo de desconto de 20% descrito neste documento.<\/p><h3>Contrato &amp; Requisitos Comerciais<\/h3><p><strong>2. Per\u00edodo da Promo\u00e7\u00e3o<\/strong><\/p><p>2.1 Os Operadores devem formalizar um contrato assinado ou aditivo promocional dentro de noventa (90) dias corridos a partir da data da confer\u00eancia ou da data de ativa\u00e7\u00e3o do QR code, o que ocorrer primeiro.<\/p><p>2.2 Contratos ou aditivos assinados fora desse per\u00edodo n\u00e3o ser\u00e3o eleg\u00edveis.<\/p><p><strong>3. Prazo M\u00ednimo de Contrato<\/strong><\/p><p>3.1 A participa\u00e7\u00e3o exige um compromisso contratual m\u00ednimo e fixo de doze (12) meses consecutivos.<\/p><p>3.2 Rescis\u00e3o antecipada, suspens\u00e3o por viola\u00e7\u00e3o contratual ou inatividade poder\u00e3o invalidar a promo\u00e7\u00e3o a crit\u00e9rio exclusivo da Empresa.<\/p><p><strong>4. Requisito comercial m\u00ednimo mensal<\/strong><\/p><p>4.1 O Operador concorda com uma Garantia M\u00ednima Mensal de \u20ac10.000 por m\u00eas.<\/p><p>4.2 A Garantia M\u00ednima Mensal ser\u00e1 devida independentemente do GGR gerado e ser\u00e1 dedut\u00edvel das taxas comerciais baseadas em GGR.<\/p><p>4.3 O n\u00e3o cumprimento das obriga\u00e7\u00f5es de pagamento ou da manuten\u00e7\u00e3o do valor m\u00ednimo mensal poder\u00e1 resultar na exclus\u00e3o imediata da promo\u00e7\u00e3o.<\/p><p><strong>5. Requisitos de qualifica\u00e7\u00e3o para clientes existentes<\/strong><\/p><p>5.1 Operadores Existentes devem integrar no m\u00ednimo cinco (5) Novos Provedores de Jogos por meio da Empresa para se qualificarem.<\/p><p>5.2 Apenas o GGR gerado por esses novos provedores ser\u00e1 considerado receita promocional eleg\u00edvel para fins de c\u00e1lculo do desconto, quando aplic\u00e1vel.<\/p><p>5.3 A Empresa reserva-se o direito de verificar datas de integra\u00e7\u00e3o, status de go-live e aloca\u00e7\u00e3o de receita entre provedores.<\/p><p><strong>6. Estrutura de Desconto<\/strong><\/p><p>6.1 O Operador receber\u00e1 um desconto de vinte por cento (20%) aplicado aos dois (2) \u00faltimos meses do prazo inicial do contrato.<\/p><p>6.2 O desconto aplica-se apenas \u00e0s taxas comerciais baseadas em GGR eleg\u00edvel, ap\u00f3s dedu\u00e7\u00e3o de quaisquer obriga\u00e7\u00f5es relativas \u00e0 Garantia M\u00ednima Mensal.<\/p><p><strong>7. Metodologia de C\u00e1lculo<\/strong><\/p><p>7.1 O valor do desconto ser\u00e1 calculado com base na m\u00e9dia mensal de GGR gerado durante os primeiros dez (10) meses do per\u00edodo contratual.<\/p><p>7.2 O GGR eleg\u00edvel para desconto nos meses onze (11) e doze (12) ser\u00e1 limitado a essa m\u00e9dia calculada.<\/p><p>7.3 Qualquer GGR que exceda a m\u00e9dia estabelecida durante os dois \u00faltimos meses ser\u00e1 faturado conforme as taxas comerciais padr\u00e3o.<\/p><p><strong>8. Cl\u00e1usula Antimanipula\u00e7\u00e3o<\/strong><\/p><p>8.1 O Operador compromete-se a n\u00e3o aumentar artificialmente a atividade, redirecionar tr\u00e1fego entre provedores ou manipular relat\u00f3rios para maximizar os benef\u00edcios promocionais.<\/p><p>8.2 A Empresa reserva-se o direito de auditar fontes de relat\u00f3rios, aloca\u00e7\u00e3o de provedores e segmenta\u00e7\u00e3o de receita caso seja detectada atividade irregular.<\/p><p><strong>9. Condi\u00e7\u00f5es de Elegibilidade<\/strong><\/p><p>9.1 O Operador deve realizar o onboarding por meio do QR code designado ou da landing page espec\u00edfica da promo\u00e7\u00e3o.<\/p><p>9.2 O Operador deve manter-se em situa\u00e7\u00e3o comercial regular, incluindo o pagamento integral das Garantias M\u00ednimas Mensais e demais faturas.<\/p><p><strong>10. Intransferibilidade<\/strong><\/p><p>10.1 Esta promo\u00e7\u00e3o \u00e9 intransfer\u00edvel e n\u00e3o pode ser combinada com outros descontos, benef\u00edcios comerciais ou condi\u00e7\u00f5es especiais, salvo aprova\u00e7\u00e3o expressa por escrito.<\/p><p><strong>11. Modifica\u00e7\u00e3o e Cancelamento<\/strong><\/p><p>11.1 A Empresa reserva-se o direito de alterar, suspender ou encerrar a promo\u00e7\u00e3o para futuros participantes a qualquer momento, sem afetar contratos j\u00e1 assinados.<\/p><p><strong>12. Contrato Prevalente<\/strong><\/p><p>12.1 Estes termos promocionais complementam, mas n\u00e3o substituem, o Master Services Agreement.<\/p><p>12.2 Em caso de conflito, prevalecer\u00e1 o contrato comercial assinado.<\/p><p><strong>13. Legisla\u00e7\u00e3o Aplic\u00e1vel<\/strong><\/p><p>13.1 Salvo disposi\u00e7\u00e3o em contr\u00e1rio no MSA, estes termos ser\u00e3o regidos pela jurisdi\u00e7\u00e3o acordada no contrato principal de presta\u00e7\u00e3o de servi\u00e7os do Operador.<\/p>\t\t\t\t\t\t\t\t<\/div>\n\t\t\t\t\t<\/div>\n\t\t\t\t<\/div>\n\t\t\t\t<\/div>\n\t\t\t\t<\/div>\n\t\t","protected":false},"excerpt":{"rendered":"<p>Termos Promocionais Termos e Condi\u00e7\u00f5es Promo\u00e7\u00e3o da Confer\u00eancia \u2013 Desconto de 20% nos dois \u00faltimos meses 1. Defini\u00e7\u00f5es Empresa &#8211; Refere-se ao prestador de servi\u00e7os que oferece agrega\u00e7\u00e3o ou servi\u00e7os de plataforma. Operator &#8211; Refere-se ao titular de licen\u00e7a B2C que celebra um contrato comercial. Existing Operator &#8211; Refere-se a um cliente com contrato comercial [&hellip;]<\/p>\n","protected":false},"author":1,"featured_media":0,"parent":0,"menu_order":0,"comment_status":"closed","ping_status":"closed","template":"","meta":{"content-type":"","footnotes":""},"class_list":["post-4010","page","type-page","status-publish","hentry"],"yoast_head":"<!-- This site is optimized with the Yoast SEO plugin v26.8 - https:\/\/yoast.com\/product\/yoast-seo-wordpress\/ -->\n<title>BiS SiGMA - Termos Promocionais - Games Valley Brasil<\/title>\n<meta name=\"robots\" content=\"index, follow, max-snippet:-1, max-image-preview:large, max-video-preview:-1\" \/>\n<link rel=\"canonical\" href=\"https:\/\/gamesvalley.com\/pt-br\/bis-sigma-termos-promocionais\/\" \/>\n<meta property=\"og:locale\" content=\"en_US\" \/>\n<meta property=\"og:type\" content=\"article\" \/>\n<meta property=\"og:title\" content=\"BiS SiGMA - Termos Promocionais - Games Valley Brasil\" \/>\n<meta property=\"og:description\" content=\"Termos Promocionais Termos e Condi\u00e7\u00f5es Promo\u00e7\u00e3o da Confer\u00eancia \u2013 Desconto de 20% nos dois \u00faltimos meses 1. Defini\u00e7\u00f5es Empresa &#8211; Refere-se ao prestador de servi\u00e7os que oferece agrega\u00e7\u00e3o ou servi\u00e7os de plataforma. Operator &#8211; Refere-se ao titular de licen\u00e7a B2C que celebra um contrato comercial. Existing Operator &#8211; Refere-se a um cliente com contrato comercial [&hellip;]\" \/>\n<meta property=\"og:url\" content=\"https:\/\/gamesvalley.com\/pt-br\/bis-sigma-termos-promocionais\/\" \/>\n<meta property=\"og:site_name\" content=\"Games Valley Brasil\" \/>\n<meta property=\"article:modified_time\" content=\"2026-03-26T07:54:17+00:00\" \/>\n<meta name=\"twitter:card\" content=\"summary_large_image\" \/>\n<meta name=\"twitter:label1\" content=\"Est. reading time\" \/>\n\t<meta name=\"twitter:data1\" content=\"3 minutes\" \/>\n<script type=\"application\/ld+json\" class=\"yoast-schema-graph\">{\"@context\":\"https:\/\/schema.org\",\"@graph\":[{\"@type\":\"WebPage\",\"@id\":\"https:\/\/gamesvalley.com\/pt-br\/bis-sigma-termos-promocionais\/\",\"url\":\"https:\/\/gamesvalley.com\/pt-br\/bis-sigma-termos-promocionais\/\",\"name\":\"BiS SiGMA - Termos Promocionais - Games Valley Brasil\",\"isPartOf\":{\"@id\":\"https:\/\/gamesvalley.com\/pt-br\/#website\"},\"datePublished\":\"2026-03-26T07:52:09+00:00\",\"dateModified\":\"2026-03-26T07:54:17+00:00\",\"breadcrumb\":{\"@id\":\"https:\/\/gamesvalley.com\/pt-br\/bis-sigma-termos-promocionais\/#breadcrumb\"},\"inLanguage\":\"en-US\",\"potentialAction\":[{\"@type\":\"ReadAction\",\"target\":[\"https:\/\/gamesvalley.com\/pt-br\/bis-sigma-termos-promocionais\/\"]}]},{\"@type\":\"BreadcrumbList\",\"@id\":\"https:\/\/gamesvalley.com\/pt-br\/bis-sigma-termos-promocionais\/#breadcrumb\",\"itemListElement\":[{\"@type\":\"ListItem\",\"position\":1,\"name\":\"Home\",\"item\":\"https:\/\/gamesvalley.com\/pt-br\/\"},{\"@type\":\"ListItem\",\"position\":2,\"name\":\"BiS SiGMA &#8211; Termos Promocionais\"}]},{\"@type\":\"WebSite\",\"@id\":\"https:\/\/gamesvalley.com\/pt-br\/#website\",\"url\":\"https:\/\/gamesvalley.com\/pt-br\/\",\"name\":\"Games Valley Brasil\",\"description\":\"\",\"potentialAction\":[{\"@type\":\"SearchAction\",\"target\":{\"@type\":\"EntryPoint\",\"urlTemplate\":\"https:\/\/gamesvalley.com\/pt-br\/?s={search_term_string}\"},\"query-input\":{\"@type\":\"PropertyValueSpecification\",\"valueRequired\":true,\"valueName\":\"search_term_string\"}}],\"inLanguage\":\"en-US\"}]}<\/script>\n<!-- \/ Yoast SEO plugin. -->","yoast_head_json":{"title":"BiS SiGMA - Termos Promocionais - Games Valley Brasil","robots":{"index":"index","follow":"follow","max-snippet":"max-snippet:-1","max-image-preview":"max-image-preview:large","max-video-preview":"max-video-preview:-1"},"canonical":"https:\/\/gamesvalley.com\/pt-br\/bis-sigma-termos-promocionais\/","og_locale":"en_US","og_type":"article","og_title":"BiS SiGMA - Termos Promocionais - Games Valley Brasil","og_description":"Termos Promocionais Termos e Condi\u00e7\u00f5es Promo\u00e7\u00e3o da Confer\u00eancia \u2013 Desconto de 20% nos dois \u00faltimos meses 1. Defini\u00e7\u00f5es Empresa &#8211; Refere-se ao prestador de servi\u00e7os que oferece agrega\u00e7\u00e3o ou servi\u00e7os de plataforma. Operator &#8211; Refere-se ao titular de licen\u00e7a B2C que celebra um contrato comercial. Existing Operator &#8211; Refere-se a um cliente com contrato comercial [&hellip;]","og_url":"https:\/\/gamesvalley.com\/pt-br\/bis-sigma-termos-promocionais\/","og_site_name":"Games Valley Brasil","article_modified_time":"2026-03-26T07:54:17+00:00","twitter_card":"summary_large_image","twitter_misc":{"Est. reading time":"3 minutes"},"schema":{"@context":"https:\/\/schema.org","@graph":[{"@type":"WebPage","@id":"https:\/\/gamesvalley.com\/pt-br\/bis-sigma-termos-promocionais\/","url":"https:\/\/gamesvalley.com\/pt-br\/bis-sigma-termos-promocionais\/","name":"BiS SiGMA - Termos Promocionais - Games Valley Brasil","isPartOf":{"@id":"https:\/\/gamesvalley.com\/pt-br\/#website"},"datePublished":"2026-03-26T07:52:09+00:00","dateModified":"2026-03-26T07:54:17+00:00","breadcrumb":{"@id":"https:\/\/gamesvalley.com\/pt-br\/bis-sigma-termos-promocionais\/#breadcrumb"},"inLanguage":"en-US","potentialAction":[{"@type":"ReadAction","target":["https:\/\/gamesvalley.com\/pt-br\/bis-sigma-termos-promocionais\/"]}]},{"@type":"BreadcrumbList","@id":"https:\/\/gamesvalley.com\/pt-br\/bis-sigma-termos-promocionais\/#breadcrumb","itemListElement":[{"@type":"ListItem","position":1,"name":"Home","item":"https:\/\/gamesvalley.com\/pt-br\/"},{"@type":"ListItem","position":2,"name":"BiS SiGMA &#8211; Termos Promocionais"}]},{"@type":"WebSite","@id":"https:\/\/gamesvalley.com\/pt-br\/#website","url":"https:\/\/gamesvalley.com\/pt-br\/","name":"Games Valley Brasil","description":"","potentialAction":[{"@type":"SearchAction","target":{"@type":"EntryPoint","urlTemplate":"https:\/\/gamesvalley.com\/pt-br\/?s={search_term_string}"},"query-input":{"@type":"PropertyValueSpecification","valueRequired":true,"valueName":"search_term_string"}}],"inLanguage":"en-US"}]}},"_links":{"self":[{"href":"https:\/\/gamesvalley.com\/pt-br\/wp-json\/wp\/v2\/pages\/4010","targetHints":{"allow":["GET"]}}],"collection":[{"href":"https:\/\/gamesvalley.com\/pt-br\/wp-json\/wp\/v2\/pages"}],"about":[{"href":"https:\/\/gamesvalley.com\/pt-br\/wp-json\/wp\/v2\/types\/page"}],"author":[{"embeddable":true,"href":"https:\/\/gamesvalley.com\/pt-br\/wp-json\/wp\/v2\/users\/1"}],"replies":[{"embeddable":true,"href":"https:\/\/gamesvalley.com\/pt-br\/wp-json\/wp\/v2\/comments?post=4010"}],"version-history":[{"count":4,"href":"https:\/\/gamesvalley.com\/pt-br\/wp-json\/wp\/v2\/pages\/4010\/revisions"}],"predecessor-version":[{"id":4014,"href":"https:\/\/gamesvalley.com\/pt-br\/wp-json\/wp\/v2\/pages\/4010\/revisions\/4014"}],"wp:attachment":[{"href":"https:\/\/gamesvalley.com\/pt-br\/wp-json\/wp\/v2\/media?parent=4010"}],"curies":[{"name":"wp","href":"https:\/\/api.w.org\/{rel}","templated":true}]}}