{"id":877,"date":"2025-12-05T16:18:27","date_gmt":"2025-12-05T16:18:27","guid":{"rendered":"https:\/\/gamesvalley.com\/?page_id=877"},"modified":"2026-02-18T14:32:43","modified_gmt":"2026-02-18T14:32:43","slug":"jogo-responsavel","status":"publish","type":"page","link":"https:\/\/gamesvalley.com\/pt-br\/jogo-responsavel\/","title":{"rendered":"Jogo Respons\u00e1vel"},"content":{"rendered":"<style>.elementor-877 .elementor-element.elementor-element-538c935{--display:flex;--min-height:207px;--flex-direction:column;--container-widget-width:100%;--container-widget-height:initial;--container-widget-flex-grow:0;--container-widget-align-self:initial;--flex-wrap-mobile:wrap;--margin-top:-11em;--margin-bottom:0em;--margin-left:0em;--margin-right:0em;}.elementor-877 .elementor-element.elementor-element-538c935:not(.elementor-motion-effects-element-type-background), .elementor-877 .elementor-element.elementor-element-538c935 > .elementor-motion-effects-container > .elementor-motion-effects-layer{background-color:var( --e-global-color-52ce070 );}.elementor-877 .elementor-element.elementor-element-dc962a1{--display:flex;--min-height:150px;--flex-direction:column;--container-widget-width:100%;--container-widget-height:initial;--container-widget-flex-grow:0;--container-widget-align-self:initial;--flex-wrap-mobile:wrap;--justify-content:center;}.elementor-877 .elementor-element.elementor-element-dc962a1:not(.elementor-motion-effects-element-type-background), .elementor-877 .elementor-element.elementor-element-dc962a1 > .elementor-motion-effects-container > .elementor-motion-effects-layer{background-color:var( --e-global-color-52ce070 );}.elementor-877 .elementor-element.elementor-element-4c3c418{--display:flex;}.elementor-877 .elementor-element.elementor-element-7ac0e3d{text-align:start;width:100%;max-width:100%;}.elementor-877 .elementor-element.elementor-element-7ac0e3d .elementor-heading-title{font-family:\"Poppins\", Sans-serif;font-size:53px;font-weight:800;line-height:60px;letter-spacing:-2.7px;color:#FFFFFF;}.elementor-877 .elementor-element.elementor-element-7ac0e3d.elementor-element{--align-self:center;}.elementor-877 .elementor-element.elementor-element-134e69f{--display:flex;--flex-direction:column;--container-widget-width:100%;--container-widget-height:initial;--container-widget-flex-grow:0;--container-widget-align-self:initial;--flex-wrap-mobile:wrap;--padding-top:3em;--padding-bottom:0em;--padding-left:0em;--padding-right:0em;}.elementor-877 .elementor-element.elementor-element-cecbd08{--display:flex;}:root{--page-title-display:none;}@media(max-width:1024px){.elementor-877 .elementor-element.elementor-element-7ac0e3d .elementor-heading-title{font-size:44px;line-height:59px;}}@media(min-width:768px){.elementor-877 .elementor-element.elementor-element-538c935{--width:100%;}.elementor-877 .elementor-element.elementor-element-dc962a1{--width:100%;}.elementor-877 .elementor-element.elementor-element-4c3c418{--content-width:1200px;}.elementor-877 .elementor-element.elementor-element-134e69f{--width:100%;}.elementor-877 .elementor-element.elementor-element-cecbd08{--content-width:1200px;}}@media(max-width:767px){.elementor-877 .elementor-element.elementor-element-7ac0e3d{text-align:center;}.elementor-877 .elementor-element.elementor-element-7ac0e3d .elementor-heading-title{font-size:40px;line-height:55px;}.elementor-877 .elementor-element.elementor-element-7ac0e3d.elementor-element{--align-self:flex-start;}}<\/style>\t\t<div data-elementor-type=\"wp-page\" data-elementor-id=\"877\" class=\"elementor elementor-877\" data-elementor-post-type=\"page\">\n\t\t\t\t<div class=\"elementor-element elementor-element-538c935 e-con-full e-flex e-con e-parent\" data-id=\"538c935\" data-element_type=\"container\" data-e-type=\"container\" data-settings=\"{&quot;background_background&quot;:&quot;classic&quot;}\">\n\t\t\t\t<\/div>\n\t\t<div class=\"elementor-element elementor-element-dc962a1 e-con-full e-flex e-con e-parent\" data-id=\"dc962a1\" data-element_type=\"container\" data-e-type=\"container\" data-settings=\"{&quot;background_background&quot;:&quot;classic&quot;}\">\n\t\t<div class=\"elementor-element elementor-element-4c3c418 e-flex e-con-boxed e-con e-child\" data-id=\"4c3c418\" data-element_type=\"container\" data-e-type=\"container\">\n\t\t\t\t\t<div class=\"e-con-inner\">\n\t\t\t\t<div class=\"elementor-element elementor-element-7ac0e3d elementor-widget__width-inherit elementor-widget elementor-widget-heading\" data-id=\"7ac0e3d\" data-element_type=\"widget\" data-e-type=\"widget\" data-settings=\"{&quot;_animation_mobile&quot;:&quot;none&quot;}\" data-widget_type=\"heading.default\">\n\t\t\t\t\t<h1 class=\"elementor-heading-title elementor-size-default\">Jogo Respons\u00e1vel<\/h1>\t\t\t\t<\/div>\n\t\t\t\t\t<\/div>\n\t\t\t\t<\/div>\n\t\t\t\t<\/div>\n\t\t<div class=\"elementor-element elementor-element-134e69f e-con-full e-flex e-con e-parent\" data-id=\"134e69f\" data-element_type=\"container\" data-e-type=\"container\">\n\t\t<div class=\"elementor-element elementor-element-cecbd08 e-flex e-con-boxed e-con e-child\" data-id=\"cecbd08\" data-element_type=\"container\" data-e-type=\"container\">\n\t\t\t\t\t<div class=\"e-con-inner\">\n\t\t\t\t<div class=\"elementor-element elementor-element-53593b1 elementor-widget elementor-widget-text-editor\" data-id=\"53593b1\" data-element_type=\"widget\" data-e-type=\"widget\" data-widget_type=\"text-editor.default\">\n\t\t\t\t\t\t\t\t\t<h1 data-start=\"174\" data-end=\"196\">1. Nosso Compromisso<\/h1><p data-start=\"198\" data-end=\"521\">A Games Valley est\u00e1 comprometida com a promo\u00e7\u00e3o de pr\u00e1ticas de jogo respons\u00e1vel em todo o setor de iGaming. Como plataforma de agrega\u00e7\u00e3o B2B, trabalhamos com nossos operadores parceiros para garantir que o jogo permane\u00e7a uma forma de entretenimento saud\u00e1vel, sem impactos sociais ou financeiros negativos para os jogadores.<\/p><hr data-start=\"523\" data-end=\"526\" \/><h1 data-start=\"528\" data-end=\"544\">2. Nosso Papel<\/h1><p data-start=\"546\" data-end=\"727\">Embora a Games Valley forne\u00e7a a infraestrutura t\u00e9cnica que conecta operadores a provedores de jogos, reconhecemos nossa responsabilidade em apoiar iniciativas de jogo respons\u00e1vel.<\/p><p data-start=\"729\" data-end=\"804\">Disponibilizamos ferramentas e funcionalidades que permitem aos operadores:<\/p><ul data-start=\"806\" data-end=\"1025\"><li data-start=\"806\" data-end=\"851\"><p data-start=\"808\" data-end=\"851\">Implementar controles de jogo respons\u00e1vel<\/p><\/li><li data-start=\"852\" data-end=\"916\"><p data-start=\"854\" data-end=\"916\">Apoiar medidas de verifica\u00e7\u00e3o de idade e prote\u00e7\u00e3o ao jogador<\/p><\/li><li data-start=\"917\" data-end=\"1025\"><p data-start=\"919\" data-end=\"1025\">Atuar exclusivamente com operadores licenciados que demonstrem compromisso com o bem-estar dos jogadores<\/p><\/li><\/ul><hr data-start=\"1027\" data-end=\"1030\" \/><h1 data-start=\"1032\" data-end=\"1069\">3. Reconhecendo o Jogo Problem\u00e1tico<\/h1><p data-start=\"1071\" data-end=\"1198\">Incentivamos a conscientiza\u00e7\u00e3o sobre sinais de que o jogo pode estar se tornando problem\u00e1tico. Alguns sinais de alerta incluem:<\/p><ul data-start=\"1200\" data-end=\"1612\"><li data-start=\"1200\" data-end=\"1277\"><p data-start=\"1202\" data-end=\"1277\">O jogo interferir no trabalho, nos estudos ou em relacionamentos pessoais<\/p><\/li><li data-start=\"1278\" data-end=\"1320\"><p data-start=\"1280\" data-end=\"1320\">Jogar sozinho por per\u00edodos prolongados<\/p><\/li><li data-start=\"1321\" data-end=\"1363\"><p data-start=\"1323\" data-end=\"1363\">Ocultar atividades ou gastos com jogos<\/p><\/li><li data-start=\"1364\" data-end=\"1413\"><p data-start=\"1366\" data-end=\"1413\">Tentar recuperar perdas aumentando as apostas<\/p><\/li><li data-start=\"1414\" data-end=\"1481\"><p data-start=\"1416\" data-end=\"1481\">Pedir dinheiro emprestado ou vender bens para financiar apostas<\/p><\/li><li data-start=\"1482\" data-end=\"1548\"><p data-start=\"1484\" data-end=\"1548\">Sentir-se deprimido, ansioso ou desesperado em rela\u00e7\u00e3o ao jogo<\/p><\/li><li data-start=\"1549\" data-end=\"1612\"><p data-start=\"1551\" data-end=\"1612\">Negligenciar interesses ou responsabilidades devido ao jogo<\/p><\/li><\/ul><p data-start=\"1614\" data-end=\"1716\">Se voc\u00ea ou algu\u00e9m que conhece estiver enfrentando essas situa\u00e7\u00f5es, ajuda profissional est\u00e1 dispon\u00edvel.<\/p><hr data-start=\"1718\" data-end=\"1721\" \/><h1 data-start=\"1723\" data-end=\"1756\">4. Programa de Jogo Respons\u00e1vel<\/h1><p data-start=\"1758\" data-end=\"1823\">A Games Valley apoia o programa &#8220;Jogo Respons\u00e1vel&#8221; iniciado pela:<\/p><ul data-start=\"1825\" data-end=\"2030\"><li data-start=\"1825\" data-end=\"1886\"><p data-start=\"1827\" data-end=\"1886\">ROMSLOT (Associa\u00e7\u00e3o de Organizadores de Slots da Rom\u00eania)<\/p><\/li><li data-start=\"1887\" data-end=\"1972\"><p data-start=\"1889\" data-end=\"1972\">Romanian BOOKMAKERS (Associa\u00e7\u00e3o Patronal dos Organizadores de Apostas da Rom\u00eania)<\/p><\/li><li data-start=\"1973\" data-end=\"2030\"><p data-start=\"1975\" data-end=\"2030\">ROMBET (Associa\u00e7\u00e3o de Organizadores de Jogos de Azar)<\/p><\/li><\/ul><p data-start=\"2032\" data-end=\"2051\">O programa promove:<\/p><ul data-start=\"2053\" data-end=\"2283\"><li data-start=\"2053\" data-end=\"2103\"><p data-start=\"2055\" data-end=\"2103\">Preven\u00e7\u00e3o de comportamentos de jogo patol\u00f3gico<\/p><\/li><li data-start=\"2104\" data-end=\"2169\"><p data-start=\"2106\" data-end=\"2169\">Sess\u00f5es de avalia\u00e7\u00e3o e terapia com especialistas qualificados<\/p><\/li><li data-start=\"2170\" data-end=\"2224\"><p data-start=\"2172\" data-end=\"2224\">Programas educacionais para profissionais do setor<\/p><\/li><li data-start=\"2225\" data-end=\"2283\"><p data-start=\"2227\" data-end=\"2283\">Escrit\u00f3rios de apoio nas principais cidades da Rom\u00eania<\/p><\/li><\/ul><hr data-start=\"2285\" data-end=\"2288\" \/><h1 data-start=\"2290\" data-end=\"2312\">5. Recursos de Apoio<\/h1><p data-start=\"2314\" data-end=\"2365\">O suporte profissional est\u00e1 dispon\u00edvel por meio de:<\/p><ul data-start=\"2367\" data-end=\"2650\"><li data-start=\"2367\" data-end=\"2439\"><p data-start=\"2369\" data-end=\"2439\"><strong data-start=\"2369\" data-end=\"2390\">jocresponsabil.ro<\/strong> \u2013 Autoavalia\u00e7\u00e3o online e recursos informativos<\/p><\/li><li data-start=\"2440\" data-end=\"2497\"><p data-start=\"2442\" data-end=\"2497\"><strong data-start=\"2442\" data-end=\"2459\">dependenta.ro<\/strong> \u2013 Servi\u00e7os de aconselhamento online<\/p><\/li><li data-start=\"2498\" data-end=\"2650\"><p data-start=\"2500\" data-end=\"2650\"><strong data-start=\"2500\" data-end=\"2520\">Atendimento 24\/7<\/strong> \u2013 Aconselhamento psicol\u00f3gico via chat ao vivo, dispon\u00edvel 24 horas por dia para jogadores com preocupa\u00e7\u00f5es relacionadas ao jogo<\/p><\/li><\/ul><hr data-start=\"2652\" data-end=\"2655\" \/><h1 data-start=\"2657\" data-end=\"2681\">6. Prote\u00e7\u00e3o de Menores<\/h1><p data-start=\"2683\" data-end=\"2764\">A participa\u00e7\u00e3o em jogos por pessoas menores de 18 anos \u00e9 estritamente proibida.<\/p><p data-start=\"2766\" data-end=\"2898\">Todos os operadores que utilizam a plataforma da Games Valley s\u00e3o obrigados a implementar sistemas robustos de verifica\u00e7\u00e3o de idade.<\/p><p data-start=\"2900\" data-end=\"3065\">Pais e respons\u00e1veis podem utilizar softwares de filtragem, como o Net Nanny (netnanny.com), para restringir o acesso a sites de jogos em dispositivos compartilhados.<\/p><hr data-start=\"3067\" data-end=\"3070\" \/><h1 data-start=\"3072\" data-end=\"3109\">7. Responsabilidades dos Operadores<\/h1><p data-start=\"3111\" data-end=\"3182\">Os operadores licenciados que utilizam a plataforma Games Valley devem:<\/p><ul data-start=\"3184\" data-end=\"3586\"><li data-start=\"3184\" data-end=\"3246\"><p data-start=\"3186\" data-end=\"3246\">Implementar procedimentos eficazes de verifica\u00e7\u00e3o de idade<\/p><\/li><li data-start=\"3247\" data-end=\"3296\"><p data-start=\"3249\" data-end=\"3296\">Oferecer op\u00e7\u00f5es de autoexclus\u00e3o aos jogadores<\/p><\/li><li data-start=\"3297\" data-end=\"3354\"><p data-start=\"3299\" data-end=\"3354\">Disponibilizar limites de dep\u00f3sito e de tempo de jogo<\/p><\/li><li data-start=\"3355\" data-end=\"3425\"><p data-start=\"3357\" data-end=\"3425\">Exibir informa\u00e7\u00f5es sobre jogo respons\u00e1vel de forma clara e vis\u00edvel<\/p><\/li><li data-start=\"3426\" data-end=\"3505\"><p data-start=\"3428\" data-end=\"3505\">Treinar a equipe para identificar e responder a sinais de jogo problem\u00e1tico<\/p><\/li><li data-start=\"3506\" data-end=\"3586\"><p data-start=\"3508\" data-end=\"3586\">Cumprir todas as regulamenta\u00e7\u00f5es aplic\u00e1veis relacionadas ao jogo respons\u00e1vel<\/p><\/li><\/ul><hr data-start=\"3588\" data-end=\"3591\" \/><h1 data-start=\"3593\" data-end=\"3605\">8. Contato<\/h1><p data-start=\"3607\" data-end=\"3707\">Para d\u00favidas relacionadas ao nosso compromisso com o jogo respons\u00e1vel, entre em contato pelo e-mail:<\/p><p data-start=\"3709\" data-end=\"3736\"><strong data-start=\"3709\" data-end=\"3736\"><a class=\"decorated-link cursor-pointer\" rel=\"noopener\" data-start=\"3711\" data-end=\"3734\">support@gamesvalley.com<\/a><\/strong><\/p>\t\t\t\t\t\t\t\t<\/div>\n\t\t\t\t\t<\/div>\n\t\t\t\t<\/div>\n\t\t\t\t<\/div>\n\t\t\t\t<\/div>\n\t\t","protected":false},"excerpt":{"rendered":"<p>Jogo Respons\u00e1vel 1. Nosso Compromisso A Games Valley est\u00e1 comprometida com a promo\u00e7\u00e3o de pr\u00e1ticas de jogo respons\u00e1vel em todo o setor de iGaming. Como plataforma de agrega\u00e7\u00e3o B2B, trabalhamos com nossos operadores parceiros para garantir que o jogo permane\u00e7a uma forma de entretenimento saud\u00e1vel, sem impactos sociais ou financeiros negativos para os jogadores. 2. [&hellip;]<\/p>\n","protected":false},"author":1,"featured_media":0,"parent":0,"menu_order":0,"comment_status":"closed","ping_status":"closed","template":"","meta":{"content-type":"","footnotes":""},"class_list":["post-877","page","type-page","status-publish","hentry"],"yoast_head":"<!-- This site is optimized with the Yoast SEO plugin v26.8 - https:\/\/yoast.com\/product\/yoast-seo-wordpress\/ -->\n<title>Jogo Respons\u00e1vel | Games Valley<\/title>\n<meta name=\"description\" content=\"Conhe\u00e7a o compromisso da Games Valley com o jogo respons\u00e1vel. Ferramentas e pol\u00edticas para apoiar operadores na promo\u00e7\u00e3o de pr\u00e1ticas de jogo seguras e respons\u00e1veis.\" \/>\n<meta name=\"robots\" content=\"index, follow, max-snippet:-1, max-image-preview:large, max-video-preview:-1\" \/>\n<link rel=\"canonical\" href=\"https:\/\/gamesvalley.com\/pt-br\/jogo-responsavel\/\" \/>\n<meta property=\"og:locale\" content=\"en_US\" \/>\n<meta property=\"og:type\" content=\"article\" \/>\n<meta property=\"og:title\" content=\"Jogo Respons\u00e1vel | Games Valley\" \/>\n<meta property=\"og:description\" content=\"Conhe\u00e7a o compromisso da Games Valley com o jogo respons\u00e1vel. Ferramentas e pol\u00edticas para apoiar operadores na promo\u00e7\u00e3o de pr\u00e1ticas de jogo seguras e respons\u00e1veis.\" \/>\n<meta property=\"og:url\" content=\"https:\/\/gamesvalley.com\/pt-br\/jogo-responsavel\/\" \/>\n<meta property=\"og:site_name\" content=\"Games Valley Brasil\" \/>\n<meta property=\"article:modified_time\" content=\"2026-02-18T14:32:43+00:00\" \/>\n<meta name=\"twitter:card\" content=\"summary_large_image\" \/>\n<meta name=\"twitter:label1\" content=\"Est. reading time\" \/>\n\t<meta name=\"twitter:data1\" content=\"3 minutes\" \/>\n<script type=\"application\/ld+json\" class=\"yoast-schema-graph\">{\"@context\":\"https:\/\/schema.org\",\"@graph\":[{\"@type\":\"WebPage\",\"@id\":\"https:\/\/gamesvalley.com\/pt-br\/jogo-responsavel\/\",\"url\":\"https:\/\/gamesvalley.com\/pt-br\/jogo-responsavel\/\",\"name\":\"Jogo Respons\u00e1vel | Games Valley\",\"isPartOf\":{\"@id\":\"https:\/\/gamesvalley.com\/pt-br\/#website\"},\"datePublished\":\"2025-12-05T16:18:27+00:00\",\"dateModified\":\"2026-02-18T14:32:43+00:00\",\"description\":\"Conhe\u00e7a o compromisso da Games Valley com o jogo respons\u00e1vel. Ferramentas e pol\u00edticas para apoiar operadores na promo\u00e7\u00e3o de pr\u00e1ticas de jogo seguras e respons\u00e1veis.\",\"breadcrumb\":{\"@id\":\"https:\/\/gamesvalley.com\/pt-br\/jogo-responsavel\/#breadcrumb\"},\"inLanguage\":\"en-US\",\"potentialAction\":[{\"@type\":\"ReadAction\",\"target\":[\"https:\/\/gamesvalley.com\/pt-br\/jogo-responsavel\/\"]}]},{\"@type\":\"BreadcrumbList\",\"@id\":\"https:\/\/gamesvalley.com\/pt-br\/jogo-responsavel\/#breadcrumb\",\"itemListElement\":[{\"@type\":\"ListItem\",\"position\":1,\"name\":\"Home\",\"item\":\"https:\/\/gamesvalley.com\/pt-br\/\"},{\"@type\":\"ListItem\",\"position\":2,\"name\":\"Jogo Respons\u00e1vel\"}]},{\"@type\":\"WebSite\",\"@id\":\"https:\/\/gamesvalley.com\/pt-br\/#website\",\"url\":\"https:\/\/gamesvalley.com\/pt-br\/\",\"name\":\"Games Valley Brasil\",\"description\":\"\",\"potentialAction\":[{\"@type\":\"SearchAction\",\"target\":{\"@type\":\"EntryPoint\",\"urlTemplate\":\"https:\/\/gamesvalley.com\/pt-br\/?s={search_term_string}\"},\"query-input\":{\"@type\":\"PropertyValueSpecification\",\"valueRequired\":true,\"valueName\":\"search_term_string\"}}],\"inLanguage\":\"en-US\"}]}<\/script>\n<!-- \/ Yoast SEO plugin. -->","yoast_head_json":{"title":"Jogo Respons\u00e1vel | Games Valley","description":"Conhe\u00e7a o compromisso da Games Valley com o jogo respons\u00e1vel. Ferramentas e pol\u00edticas para apoiar operadores na promo\u00e7\u00e3o de pr\u00e1ticas de jogo seguras e respons\u00e1veis.","robots":{"index":"index","follow":"follow","max-snippet":"max-snippet:-1","max-image-preview":"max-image-preview:large","max-video-preview":"max-video-preview:-1"},"canonical":"https:\/\/gamesvalley.com\/pt-br\/jogo-responsavel\/","og_locale":"en_US","og_type":"article","og_title":"Jogo Respons\u00e1vel | Games Valley","og_description":"Conhe\u00e7a o compromisso da Games Valley com o jogo respons\u00e1vel. Ferramentas e pol\u00edticas para apoiar operadores na promo\u00e7\u00e3o de pr\u00e1ticas de jogo seguras e respons\u00e1veis.","og_url":"https:\/\/gamesvalley.com\/pt-br\/jogo-responsavel\/","og_site_name":"Games Valley Brasil","article_modified_time":"2026-02-18T14:32:43+00:00","twitter_card":"summary_large_image","twitter_misc":{"Est. reading time":"3 minutes"},"schema":{"@context":"https:\/\/schema.org","@graph":[{"@type":"WebPage","@id":"https:\/\/gamesvalley.com\/pt-br\/jogo-responsavel\/","url":"https:\/\/gamesvalley.com\/pt-br\/jogo-responsavel\/","name":"Jogo Respons\u00e1vel | Games Valley","isPartOf":{"@id":"https:\/\/gamesvalley.com\/pt-br\/#website"},"datePublished":"2025-12-05T16:18:27+00:00","dateModified":"2026-02-18T14:32:43+00:00","description":"Conhe\u00e7a o compromisso da Games Valley com o jogo respons\u00e1vel. Ferramentas e pol\u00edticas para apoiar operadores na promo\u00e7\u00e3o de pr\u00e1ticas de jogo seguras e respons\u00e1veis.","breadcrumb":{"@id":"https:\/\/gamesvalley.com\/pt-br\/jogo-responsavel\/#breadcrumb"},"inLanguage":"en-US","potentialAction":[{"@type":"ReadAction","target":["https:\/\/gamesvalley.com\/pt-br\/jogo-responsavel\/"]}]},{"@type":"BreadcrumbList","@id":"https:\/\/gamesvalley.com\/pt-br\/jogo-responsavel\/#breadcrumb","itemListElement":[{"@type":"ListItem","position":1,"name":"Home","item":"https:\/\/gamesvalley.com\/pt-br\/"},{"@type":"ListItem","position":2,"name":"Jogo Respons\u00e1vel"}]},{"@type":"WebSite","@id":"https:\/\/gamesvalley.com\/pt-br\/#website","url":"https:\/\/gamesvalley.com\/pt-br\/","name":"Games Valley Brasil","description":"","potentialAction":[{"@type":"SearchAction","target":{"@type":"EntryPoint","urlTemplate":"https:\/\/gamesvalley.com\/pt-br\/?s={search_term_string}"},"query-input":{"@type":"PropertyValueSpecification","valueRequired":true,"valueName":"search_term_string"}}],"inLanguage":"en-US"}]}},"_links":{"self":[{"href":"https:\/\/gamesvalley.com\/pt-br\/wp-json\/wp\/v2\/pages\/877","targetHints":{"allow":["GET"]}}],"collection":[{"href":"https:\/\/gamesvalley.com\/pt-br\/wp-json\/wp\/v2\/pages"}],"about":[{"href":"https:\/\/gamesvalley.com\/pt-br\/wp-json\/wp\/v2\/types\/page"}],"author":[{"embeddable":true,"href":"https:\/\/gamesvalley.com\/pt-br\/wp-json\/wp\/v2\/users\/1"}],"replies":[{"embeddable":true,"href":"https:\/\/gamesvalley.com\/pt-br\/wp-json\/wp\/v2\/comments?post=877"}],"version-history":[{"count":14,"href":"https:\/\/gamesvalley.com\/pt-br\/wp-json\/wp\/v2\/pages\/877\/revisions"}],"predecessor-version":[{"id":3753,"href":"https:\/\/gamesvalley.com\/pt-br\/wp-json\/wp\/v2\/pages\/877\/revisions\/3753"}],"wp:attachment":[{"href":"https:\/\/gamesvalley.com\/pt-br\/wp-json\/wp\/v2\/media?parent=877"}],"curies":[{"name":"wp","href":"https:\/\/api.w.org\/{rel}","templated":true}]}}